{"id":32,"date":"2023-09-27T10:21:19","date_gmt":"2023-09-27T10:21:19","guid":{"rendered":"https:\/\/dev-bastelmarkt.justdo-it.at\/?page_id=32"},"modified":"2026-03-17T15:49:03","modified_gmt":"2026-03-17T15:49:03","slug":"produkte","status":"publish","type":"page","link":"https:\/\/www.bastelmarkt.at\/?page_id=32","title":{"rendered":"Produkte"},"content":{"rendered":"\t\t<div data-elementor-type=\"wp-page\" data-elementor-id=\"32\" class=\"elementor elementor-32\" data-elementor-post-type=\"page\">\n\t\t\t\t<div class=\"elementor-element elementor-element-07e45a1 e-con-full e-flex e-con e-parent\" data-id=\"07e45a1\" data-element_type=\"container\" data-e-type=\"container\" data-settings=\"{&quot;background_background&quot;:&quot;classic&quot;}\">\n\t\t<div class=\"elementor-element elementor-element-9077d1b e-con-full text-container e-flex elementor-invisible e-con e-child\" data-id=\"9077d1b\" data-element_type=\"container\" data-e-type=\"container\" data-settings=\"{&quot;background_background&quot;:&quot;classic&quot;,&quot;animation&quot;:&quot;fadeInUp&quot;,&quot;animation_mobile&quot;:&quot;none&quot;}\">\n\t\t\t\t<div class=\"elementor-element elementor-element-8bc9c03 elementor-widget-mobile__width-initial elementor-widget elementor-widget-heading\" data-id=\"8bc9c03\" data-element_type=\"widget\" data-e-type=\"widget\" data-widget_type=\"heading.default\">\n\t\t\t\t<div class=\"elementor-widget-container\">\n\t\t\t\t\t<h2 class=\"elementor-heading-title elementor-size-default\">DER Bastelmarkt <br>\nin Spittal an der Drau<\/h2>\t\t\t\t<\/div>\n\t\t\t\t<\/div>\n\t\t\t\t<div class=\"elementor-element elementor-element-f0490dd elementor-widget elementor-widget-text-editor\" data-id=\"f0490dd\" data-element_type=\"widget\" data-e-type=\"widget\" data-widget_type=\"text-editor.default\">\n\t\t\t\t<div class=\"elementor-widget-container\">\n\t\t\t\t\t\t\t\t\t<p>Sie suchen eine spezielle Wolle f\u00fcr Ihr Strickprojekt, eine bestimmte Farbe f\u00fcr Ihr n\u00e4chstes Gem\u00e4lde oder Sie brauchen einfach nur einen Knopf, dann sind Sie bei uns an der richtigen Adresse.<\/p><p>Bei uns gibt es Wolle in verschiedenen Qualit\u00e4ten der Marken Sch\u00f6ller, Elisa, Ferner Wolle, Gr\u00fcndl, MyBoshi, uvm.<\/p><p>Unter anderem haben wir auch diverse Arten und Farben an Perlen lagernd, wie zum Beispiel Rocailles, Swarovski, Miyuki, Glaswachsperlen und Glasschliffperlen. Auch das passende Zubeh\u00f6r f\u00fcr Perlen finden Sie bei uns: Verschl\u00fcsse, Kautschukb\u00e4nder, Lederb\u00e4nder, Schmuckkleber, uvm.<\/p><p>Auch Kerzen in vielen Gr\u00f6\u00dfen, Formen, Farben und Arten von JEKA, Gasser Kerzen oder Wiedemann stehen Ihnen zur Auswahl.\u00a0<\/p>\t\t\t\t\t\t\t\t<\/div>\n\t\t\t\t<\/div>\n\t\t\t\t<\/div>\n\t\t<div class=\"elementor-element elementor-element-231f44b e-con-full e-flex e-con e-child\" data-id=\"231f44b\" data-element_type=\"container\" data-e-type=\"container\" data-settings=\"{&quot;background_background&quot;:&quot;classic&quot;}\">\n\t\t\t\t<\/div>\n\t\t<div class=\"elementor-element elementor-element-d9bd1c1 e-con-full e-flex e-con e-child\" data-id=\"d9bd1c1\" data-element_type=\"container\" data-e-type=\"container\" data-settings=\"{&quot;background_background&quot;:&quot;classic&quot;}\">\n\t\t\t\t<\/div>\n\t\t<div class=\"elementor-element elementor-element-91cc3ed e-con-full e-flex elementor-invisible e-con e-child\" data-id=\"91cc3ed\" data-element_type=\"container\" data-e-type=\"container\" data-settings=\"{&quot;background_background&quot;:&quot;classic&quot;,&quot;animation&quot;:&quot;fadeInUp&quot;,&quot;animation_mobile&quot;:&quot;none&quot;}\">\n\t\t\t\t<div class=\"elementor-element elementor-element-d768113 elementor-widget elementor-widget-heading\" data-id=\"d768113\" data-element_type=\"widget\" data-e-type=\"widget\" data-widget_type=\"heading.default\">\n\t\t\t\t<div class=\"elementor-widget-container\">\n\t\t\t\t\t<h2 class=\"elementor-heading-title elementor-size-default\">Wir bieten ein gro\u00dfes Sortiment an saisonaler und anlassbezogener Ware wie zum Beispiel:<\/h2>\t\t\t\t<\/div>\n\t\t\t\t<\/div>\n\t\t\t\t<div class=\"elementor-element elementor-element-8a729a3 elementor-widget__width-inherit elementor-widget elementor-widget-text-editor\" data-id=\"8a729a3\" data-element_type=\"widget\" data-e-type=\"widget\" data-widget_type=\"text-editor.default\">\n\t\t\t\t<div class=\"elementor-widget-container\">\n\t\t\t\t\t\t\t\t\t<ul><li>Advent<\/li><li>Weihnachten<\/li><li>Silvester<\/li><li>Fasching<\/li><li>Ostern<\/li><li>Halloween<\/li><li>Taufe<\/li><li>Erstkommunion<\/li><li>Hochzeit<\/li><li>Todesfall<\/li><\/ul>\t\t\t\t\t\t\t\t<\/div>\n\t\t\t\t<\/div>\n\t\t\t\t<\/div>\n\t\t<div class=\"elementor-element elementor-element-6b28166 e-con-full e-flex elementor-invisible e-con e-child\" data-id=\"6b28166\" data-element_type=\"container\" data-e-type=\"container\" data-settings=\"{&quot;background_background&quot;:&quot;classic&quot;,&quot;animation&quot;:&quot;fadeInUp&quot;,&quot;animation_mobile&quot;:&quot;none&quot;}\">\n\t\t\t\t<div class=\"elementor-element elementor-element-abef649 elementor-widget elementor-widget-heading\" data-id=\"abef649\" data-element_type=\"widget\" data-e-type=\"widget\" data-widget_type=\"heading.default\">\n\t\t\t\t<div class=\"elementor-widget-container\">\n\t\t\t\t\t<h2 class=\"elementor-heading-title elementor-size-default\">Ein Auszug aus unseren Produkten:<\/h2>\t\t\t\t<\/div>\n\t\t\t\t<\/div>\n\t\t\t\t<div class=\"elementor-element elementor-element-0091d9d elementor-widget__width-inherit elementor-widget elementor-widget-text-editor\" data-id=\"0091d9d\" data-element_type=\"widget\" data-e-type=\"widget\" data-widget_type=\"text-editor.default\">\n\t\t\t\t<div class=\"elementor-widget-container\">\n\t\t\t\t\t\t\t\t\t<ul><li>Wolle<\/li><li>Schulartikel<\/li><li>Perlen<\/li><li>B\u00fcroartikel<\/li><li>Papier<\/li><li>Hefte<\/li><li>Bastelartikel<\/li><li>Farben<\/li><li>Fimo<\/li><li>Schmuckartikel<\/li><li>Holzartikel<\/li><li>Styroporartikel<\/li><li>Wachsartikel<\/li><li>Deko<\/li><li>Rei\u00dfverschl\u00fcsse<\/li><li>Handarbeitszubeh\u00f6r<\/li><li>N\u00e4hzubeh\u00f6r<\/li><li>Kurzwaren<\/li><li>Garne<\/li><li>Gummi<\/li><li>Kn\u00f6pfe<\/li><li>Nadeln<\/li><li>B\u00e4nder (auch in Meterware)<\/li><li>Makramee<\/li><li>Billets<\/li><li>Kunstblumen<\/li><li>Krippenfiguren<\/li><\/ul>\t\t\t\t\t\t\t\t<\/div>\n\t\t\t\t<\/div>\n\t\t\t\t<\/div>\n\t\t<div class=\"elementor-element elementor-element-76153fb e-con-full e-flex e-con e-child\" data-id=\"76153fb\" data-element_type=\"container\" data-e-type=\"container\" data-settings=\"{&quot;background_background&quot;:&quot;classic&quot;}\">\n\t\t\t\t<\/div>\n\t\t<div class=\"elementor-element elementor-element-afc0d4f e-con-full e-flex e-con e-child\" data-id=\"afc0d4f\" data-element_type=\"container\" data-e-type=\"container\" data-settings=\"{&quot;background_background&quot;:&quot;classic&quot;}\">\n\t\t\t\t<\/div>\n\t\t<div class=\"elementor-element elementor-element-7c77975 e-con-full e-flex elementor-invisible e-con e-child\" data-id=\"7c77975\" data-element_type=\"container\" data-e-type=\"container\" data-settings=\"{&quot;background_background&quot;:&quot;classic&quot;,&quot;animation&quot;:&quot;fadeInUp&quot;,&quot;animation_mobile&quot;:&quot;none&quot;}\">\n\t\t\t\t<div class=\"elementor-element elementor-element-081699b elementor-widget elementor-widget-heading\" data-id=\"081699b\" data-element_type=\"widget\" data-e-type=\"widget\" data-widget_type=\"heading.default\">\n\t\t\t\t<div class=\"elementor-widget-container\">\n\t\t\t\t\t<h2 class=\"elementor-heading-title elementor-size-default\">Unsere Dienstleistungen:<\/h2>\t\t\t\t<\/div>\n\t\t\t\t<\/div>\n\t\t\t\t<div class=\"elementor-element elementor-element-24ab7fa elementor-widget__width-inherit elementor-widget elementor-widget-text-editor\" data-id=\"24ab7fa\" data-element_type=\"widget\" data-e-type=\"widget\" data-widget_type=\"text-editor.default\">\n\t\t\t\t<div class=\"elementor-widget-container\">\n\t\t\t\t\t\t\t\t\t<ul><li>(Schul-) B\u00fccher einbinden<\/li><li>Kerzengestaltung nach Ihren individuellen W\u00fcnschen<\/li><li>Bastelkurse<\/li><\/ul>\t\t\t\t\t\t\t\t<\/div>\n\t\t\t\t<\/div>\n\t\t\t\t<div class=\"elementor-element elementor-element-5587395 elementor-widget elementor-widget-text-editor\" data-id=\"5587395\" data-element_type=\"widget\" data-e-type=\"widget\" data-widget_type=\"text-editor.default\">\n\t\t\t\t<div class=\"elementor-widget-container\">\n\t\t\t\t\t\t\t\t\t<p>Falls Sie auf der Suche nach neuen Ideen und Inspirationen sind, dann finden Sie diese ganz bestimmt in einem unserer vielen Handarbeits- oder Bastelb\u00fccher.<\/p>\t\t\t\t\t\t\t\t<\/div>\n\t\t\t\t<\/div>\n\t\t\t\t<\/div>\n\t\t\t\t<\/div>\n\t\t\t\t<\/div>\n\t\t","protected":false},"excerpt":{"rendered":"<p>DER Bastelmarkt in Spittal an der Drau Sie suchen eine spezielle Wolle f\u00fcr Ihr Strickprojekt, eine bestimmte Farbe f\u00fcr Ihr n\u00e4chstes Gem\u00e4lde oder Sie brauchen einfach nur einen Knopf, dann sind Sie bei uns an der richtigen Adresse. Bei uns gibt es Wolle in verschiedenen Qualit\u00e4ten der Marken Sch\u00f6ller, Elisa, Ferner Wolle, Gr\u00fcndl, MyBoshi, uvm. [&hellip;]<\/p>\n","protected":false},"author":1,"featured_media":0,"parent":0,"menu_order":0,"comment_status":"closed","ping_status":"closed","template":"","meta":{"footnotes":""},"class_list":["post-32","page","type-page","status-publish","hentry"],"yoast_head":"<!-- This site is optimized with the Yoast SEO plugin v27.4 - https:\/\/yoast.com\/product\/yoast-seo-wordpress\/ -->\n<title>Produkte - Bastelmarkt VIF-ZACK Spittal<\/title>\n<meta name=\"description\" content=\"DER Bastelmarkt in Spittal an der Drau \u2013 Ihr Fachgesch\u00e4ft f\u00fcr Wolle, Perlen, Kerzen &amp; mehr! Gro\u00dfe Auswahl an Marken wie Sch\u00f6ller, Elisa, Swarovski &amp; JEKA. Pers\u00f6nliche Beratung &amp; Qualit\u00e4t seit \u00fcber 25 Jahren.\" \/>\n<meta name=\"robots\" content=\"index, follow, max-snippet:-1, max-image-preview:large, max-video-preview:-1\" \/>\n<link rel=\"canonical\" href=\"https:\/\/www.bastelmarkt.at\/?page_id=32\" \/>\n<meta property=\"og:locale\" content=\"de_DE\" \/>\n<meta property=\"og:type\" content=\"article\" \/>\n<meta property=\"og:title\" content=\"Produkte - Bastelmarkt VIF-ZACK Spittal\" \/>\n<meta property=\"og:description\" content=\"DER Bastelmarkt in Spittal an der Drau \u2013 Ihr Fachgesch\u00e4ft f\u00fcr Wolle, Perlen, Kerzen &amp; mehr! Gro\u00dfe Auswahl an Marken wie Sch\u00f6ller, Elisa, Swarovski &amp; JEKA. Pers\u00f6nliche Beratung &amp; Qualit\u00e4t seit \u00fcber 25 Jahren.\" \/>\n<meta property=\"og:url\" content=\"https:\/\/www.bastelmarkt.at\/?page_id=32\" \/>\n<meta property=\"og:site_name\" content=\"Bastelmarkt VIF-ZACK Spittal\" \/>\n<meta property=\"article:modified_time\" content=\"2026-03-17T15:49:03+00:00\" \/>\n<meta name=\"twitter:card\" content=\"summary_large_image\" \/>\n<meta name=\"twitter:label1\" content=\"Gesch\u00e4tzte Lesezeit\" \/>\n\t<meta name=\"twitter:data1\" content=\"2\u00a0Minuten\" \/>\n<script type=\"application\/ld+json\" class=\"yoast-schema-graph\">{\"@context\":\"https:\\\/\\\/schema.org\",\"@graph\":[{\"@type\":\"WebPage\",\"@id\":\"https:\\\/\\\/www.bastelmarkt.at\\\/?page_id=32\",\"url\":\"https:\\\/\\\/www.bastelmarkt.at\\\/?page_id=32\",\"name\":\"Produkte - Bastelmarkt VIF-ZACK Spittal\",\"isPartOf\":{\"@id\":\"https:\\\/\\\/www.bastelmarkt.at\\\/#website\"},\"datePublished\":\"2023-09-27T10:21:19+00:00\",\"dateModified\":\"2026-03-17T15:49:03+00:00\",\"description\":\"DER Bastelmarkt in Spittal an der Drau \u2013 Ihr Fachgesch\u00e4ft f\u00fcr Wolle, Perlen, Kerzen & mehr! Gro\u00dfe Auswahl an Marken wie Sch\u00f6ller, Elisa, Swarovski & JEKA. Pers\u00f6nliche Beratung & Qualit\u00e4t seit \u00fcber 25 Jahren.\",\"breadcrumb\":{\"@id\":\"https:\\\/\\\/www.bastelmarkt.at\\\/?page_id=32#breadcrumb\"},\"inLanguage\":\"de\",\"potentialAction\":[{\"@type\":\"ReadAction\",\"target\":[\"https:\\\/\\\/www.bastelmarkt.at\\\/?page_id=32\"]}]},{\"@type\":\"BreadcrumbList\",\"@id\":\"https:\\\/\\\/www.bastelmarkt.at\\\/?page_id=32#breadcrumb\",\"itemListElement\":[{\"@type\":\"ListItem\",\"position\":1,\"name\":\"Startseite\",\"item\":\"https:\\\/\\\/www.bastelmarkt.at\\\/\"},{\"@type\":\"ListItem\",\"position\":2,\"name\":\"Produkte\"}]},{\"@type\":\"WebSite\",\"@id\":\"https:\\\/\\\/www.bastelmarkt.at\\\/#website\",\"url\":\"https:\\\/\\\/www.bastelmarkt.at\\\/\",\"name\":\"Bastelmarkt VIF-ZACK Spittal\",\"description\":\"\",\"publisher\":{\"@id\":\"https:\\\/\\\/www.bastelmarkt.at\\\/#organization\"},\"potentialAction\":[{\"@type\":\"SearchAction\",\"target\":{\"@type\":\"EntryPoint\",\"urlTemplate\":\"https:\\\/\\\/www.bastelmarkt.at\\\/?s={search_term_string}\"},\"query-input\":{\"@type\":\"PropertyValueSpecification\",\"valueRequired\":true,\"valueName\":\"search_term_string\"}}],\"inLanguage\":\"de\"},{\"@type\":\"Organization\",\"@id\":\"https:\\\/\\\/www.bastelmarkt.at\\\/#organization\",\"name\":\"Bastelmarkt VIF-ZACK Spittal\",\"url\":\"https:\\\/\\\/www.bastelmarkt.at\\\/\",\"logo\":{\"@type\":\"ImageObject\",\"inLanguage\":\"de\",\"@id\":\"https:\\\/\\\/www.bastelmarkt.at\\\/#\\\/schema\\\/logo\\\/image\\\/\",\"url\":\"https:\\\/\\\/www.bastelmarkt.at\\\/wp-content\\\/uploads\\\/2023\\\/09\\\/cropped-Logo_vom_Internet_400x234-3.png\",\"contentUrl\":\"https:\\\/\\\/www.bastelmarkt.at\\\/wp-content\\\/uploads\\\/2023\\\/09\\\/cropped-Logo_vom_Internet_400x234-3.png\",\"width\":400,\"height\":234,\"caption\":\"Bastelmarkt VIF-ZACK Spittal\"},\"image\":{\"@id\":\"https:\\\/\\\/www.bastelmarkt.at\\\/#\\\/schema\\\/logo\\\/image\\\/\"}}]}<\/script>\n<!-- \/ Yoast SEO plugin. -->","yoast_head_json":{"title":"Produkte - Bastelmarkt VIF-ZACK Spittal","description":"DER Bastelmarkt in Spittal an der Drau \u2013 Ihr Fachgesch\u00e4ft f\u00fcr Wolle, Perlen, Kerzen & mehr! Gro\u00dfe Auswahl an Marken wie Sch\u00f6ller, Elisa, Swarovski & JEKA. Pers\u00f6nliche Beratung & Qualit\u00e4t seit \u00fcber 25 Jahren.","robots":{"index":"index","follow":"follow","max-snippet":"max-snippet:-1","max-image-preview":"max-image-preview:large","max-video-preview":"max-video-preview:-1"},"canonical":"https:\/\/www.bastelmarkt.at\/?page_id=32","og_locale":"de_DE","og_type":"article","og_title":"Produkte - Bastelmarkt VIF-ZACK Spittal","og_description":"DER Bastelmarkt in Spittal an der Drau \u2013 Ihr Fachgesch\u00e4ft f\u00fcr Wolle, Perlen, Kerzen & mehr! Gro\u00dfe Auswahl an Marken wie Sch\u00f6ller, Elisa, Swarovski & JEKA. Pers\u00f6nliche Beratung & Qualit\u00e4t seit \u00fcber 25 Jahren.","og_url":"https:\/\/www.bastelmarkt.at\/?page_id=32","og_site_name":"Bastelmarkt VIF-ZACK Spittal","article_modified_time":"2026-03-17T15:49:03+00:00","twitter_card":"summary_large_image","twitter_misc":{"Gesch\u00e4tzte Lesezeit":"2\u00a0Minuten"},"schema":{"@context":"https:\/\/schema.org","@graph":[{"@type":"WebPage","@id":"https:\/\/www.bastelmarkt.at\/?page_id=32","url":"https:\/\/www.bastelmarkt.at\/?page_id=32","name":"Produkte - Bastelmarkt VIF-ZACK Spittal","isPartOf":{"@id":"https:\/\/www.bastelmarkt.at\/#website"},"datePublished":"2023-09-27T10:21:19+00:00","dateModified":"2026-03-17T15:49:03+00:00","description":"DER Bastelmarkt in Spittal an der Drau \u2013 Ihr Fachgesch\u00e4ft f\u00fcr Wolle, Perlen, Kerzen & mehr! Gro\u00dfe Auswahl an Marken wie Sch\u00f6ller, Elisa, Swarovski & JEKA. Pers\u00f6nliche Beratung & Qualit\u00e4t seit \u00fcber 25 Jahren.","breadcrumb":{"@id":"https:\/\/www.bastelmarkt.at\/?page_id=32#breadcrumb"},"inLanguage":"de","potentialAction":[{"@type":"ReadAction","target":["https:\/\/www.bastelmarkt.at\/?page_id=32"]}]},{"@type":"BreadcrumbList","@id":"https:\/\/www.bastelmarkt.at\/?page_id=32#breadcrumb","itemListElement":[{"@type":"ListItem","position":1,"name":"Startseite","item":"https:\/\/www.bastelmarkt.at\/"},{"@type":"ListItem","position":2,"name":"Produkte"}]},{"@type":"WebSite","@id":"https:\/\/www.bastelmarkt.at\/#website","url":"https:\/\/www.bastelmarkt.at\/","name":"Bastelmarkt VIF-ZACK Spittal","description":"","publisher":{"@id":"https:\/\/www.bastelmarkt.at\/#organization"},"potentialAction":[{"@type":"SearchAction","target":{"@type":"EntryPoint","urlTemplate":"https:\/\/www.bastelmarkt.at\/?s={search_term_string}"},"query-input":{"@type":"PropertyValueSpecification","valueRequired":true,"valueName":"search_term_string"}}],"inLanguage":"de"},{"@type":"Organization","@id":"https:\/\/www.bastelmarkt.at\/#organization","name":"Bastelmarkt VIF-ZACK Spittal","url":"https:\/\/www.bastelmarkt.at\/","logo":{"@type":"ImageObject","inLanguage":"de","@id":"https:\/\/www.bastelmarkt.at\/#\/schema\/logo\/image\/","url":"https:\/\/www.bastelmarkt.at\/wp-content\/uploads\/2023\/09\/cropped-Logo_vom_Internet_400x234-3.png","contentUrl":"https:\/\/www.bastelmarkt.at\/wp-content\/uploads\/2023\/09\/cropped-Logo_vom_Internet_400x234-3.png","width":400,"height":234,"caption":"Bastelmarkt VIF-ZACK Spittal"},"image":{"@id":"https:\/\/www.bastelmarkt.at\/#\/schema\/logo\/image\/"}}]}},"_links":{"self":[{"href":"https:\/\/www.bastelmarkt.at\/index.php?rest_route=\/wp\/v2\/pages\/32","targetHints":{"allow":["GET"]}}],"collection":[{"href":"https:\/\/www.bastelmarkt.at\/index.php?rest_route=\/wp\/v2\/pages"}],"about":[{"href":"https:\/\/www.bastelmarkt.at\/index.php?rest_route=\/wp\/v2\/types\/page"}],"author":[{"embeddable":true,"href":"https:\/\/www.bastelmarkt.at\/index.php?rest_route=\/wp\/v2\/users\/1"}],"replies":[{"embeddable":true,"href":"https:\/\/www.bastelmarkt.at\/index.php?rest_route=%2Fwp%2Fv2%2Fcomments&post=32"}],"version-history":[{"count":203,"href":"https:\/\/www.bastelmarkt.at\/index.php?rest_route=\/wp\/v2\/pages\/32\/revisions"}],"predecessor-version":[{"id":1231,"href":"https:\/\/www.bastelmarkt.at\/index.php?rest_route=\/wp\/v2\/pages\/32\/revisions\/1231"}],"wp:attachment":[{"href":"https:\/\/www.bastelmarkt.at\/index.php?rest_route=%2Fwp%2Fv2%2Fmedia&parent=32"}],"curies":[{"name":"wp","href":"https:\/\/api.w.org\/{rel}","templated":true}]}}